{"id":39803,"date":"2023-08-21T17:08:11","date_gmt":"2023-08-21T15:08:11","guid":{"rendered":"https:\/\/www.approachpeople.com\/?page_id=39803"},"modified":"2023-12-23T19:07:24","modified_gmt":"2023-12-23T18:07:24","slug":"rennes","status":"publish","type":"page","link":"https:\/\/www.approachpeople.com\/fr\/candidats\/rennes","title":{"rendered":"Rennes"},"content":{"rendered":"<div class=\"wpb-content-wrapper\"><p>[vc_row gap=\u00a0\u00bb0&Prime; equal_height=\u00a0\u00bbyes\u00a0\u00bb bg_position=\u00a0\u00bbcenter top\u00a0\u00bb el_id=\u00a0\u00bbslider-home\u00a0\u00bb css=\u00a0\u00bb.vc_custom_1629810303424{background-image: url(https:\/\/www.approachpeople.com\/wp-content\/uploads\/2021\/08\/slider-1.jpg?id=43) !important;background-position: center !important;background-repeat: no-repeat !important;background-size: cover !important;}\u00a0\u00bb][vc_column width=\u00a0\u00bb3\/4&Prime;][vc_column_text el_class=\u00a0\u00bbslider-bold\u00a0\u00bb]<\/p>\n<h1 style=\"text-align: center;\">D\u00e9crocher un travail \u00e0 Rennes : Approach People vous accompagne<\/h1>\n<p>[\/vc_column_text][vc_column_text el_class=\u00a0\u00bbslider-normal\u00a0\u00bb]<\/p>\n<p>[\/vc_column_text][\/vc_column][vc_column width=\u00a0\u00bb1\/4&Prime;][\/vc_column][\/vc_row][vc_row full_width=\u00a0\u00bbstretch_row\u00a0\u00bb gap=\u00a0\u00bb0&Prime; equal_height=\u00a0\u00bbyes\u00a0\u00bb content_placement=\u00a0\u00bbbottom\u00a0\u00bb bg_position=\u00a0\u00bbcenter center\u00a0\u00bb css=\u00a0\u00bb.vc_custom_1633593524675{background-color: #f7f7f7 !important;background-position: center !important;background-repeat: no-repeat !important;background-size: cover !important;}\u00a0\u00bb][vc_column width=\u00a0\u00bb1\/4&Prime; bg_position=\u00a0\u00bbcenter bottom\u00a0\u00bb css=\u00a0\u00bb.vc_custom_1638889378814{background-image: url(https:\/\/www.approachpeople.com\/wp-content\/uploads\/2021\/12\/activity.jpg?id=1356) !important;background-position: center !important;background-repeat: no-repeat !important;background-size: cover !important;}\u00a0\u00bb offset=\u00a0\u00bbvc_hidden-xs\u00a0\u00bb el_class=\u00a0\u00bbcropped-img mobile-img-min\u00a0\u00bb][\/vc_column][vc_column width=\u00a0\u00bb3\/4&Prime; css=\u00a0\u00bb.vc_custom_1630502740269{padding-top: 60px !important;padding-bottom: 60px !important;}\u00a0\u00bb][vc_row_inner][vc_column_inner width=\u00a0\u00bb1\/6&Prime;][\/vc_column_inner][vc_column_inner width=\u00a0\u00bb2\/3&Prime;][vc_column_text el_class=\u00a0\u00bbsub-title\u00a0\u00bb css=\u00a0\u00bb.vc_custom_1692629889435{margin-bottom: 30px !important;}\u00a0\u00bb]<span style=\"font-weight: 400;\">Vous envisagez un nouveau chapitre professionnel dans la capitale de la Bretagne\u00a0? Vous pouvez faire confiance \u00e0 Approach People pour augmenter vos chances d\u2019obtenir le travail qui correspond \u00e0 votre profil \u00e0 Rennes. N\u2019attendez plus pour d\u00e9poser votre CV sur notre plateforme.<\/span>[\/vc_column_text][vc_custom_heading text=\u00a0\u00bbApproach People Recruitment vous aide \u00e0 trouver un job \u00e0 Rennes\u00a0\u00bb font_container=\u00a0\u00bbtag:h2|text_align:center\u00a0\u00bb css=\u00a0\u00bb.vc_custom_1692629900465{margin-bottom: 15px !important;}\u00a0\u00bb][vc_column_text]<strong>Agences nationales et internationales : <\/strong><span style=\"font-weight: 400;\">Le <a href=\"https:\/\/www.approachpeople.com\/fr\">cabinet de recrutement<\/a> Approach People poss\u00e8de plusieurs agences en France et partout dans le monde pour rester au plus proche de vous et r\u00e9pondre \u00e0 tous les besoins.<\/span><\/p>\n<p><strong>Prise de contact rapide : <\/strong><span style=\"font-weight: 400;\">Nos consultants prennent contact avec vous si un poste correspond \u00e0 votre profil. Vous avez \u00e9galement la possibilit\u00e9 de candidater \u00e0 tout moment si une offre vous int\u00e9resse.\u00a0<\/span><\/p>\n<p><strong>Accompagnement de A \u00e0 Z : <\/strong><span style=\"font-weight: 400;\">Si votre candidature correspond aux besoins d\u2019une entreprise \u00e0 Rennes, nos consultants vous offrent un accompagnement sur mesure, de la mise \u00e0 jour de votre CV \u00e0 la pr\u00e9paration des entretiens.<\/span><\/p>\n<p><strong>Cabinet multilingue et multiculturel : <\/strong><span style=\"font-weight: 400;\">Notre cabinet est constitu\u00e9 d\u2019une \u00e9quipe de consultants plurilingues et pluriculturels. Nous pouvons aider les candidats de diff\u00e9rents pays \u00e0 int\u00e9grer leur poste \u00e0 Rennes.<\/span><\/p>\n<p><strong>Consultants exp\u00e9riment\u00e9s dans le recrutement : <\/strong><span style=\"font-weight: 400;\">Forts d\u2019une exp\u00e9rience de plusieurs ann\u00e9es dans le m\u00e9tier, nos consultants connaissent tr\u00e8s bien les besoins des entreprises ainsi que le <a href=\"https:\/\/www.approachpeople.com\/fr\/candidats\">march\u00e9 de l\u2019emploi<\/a> \u00e0 Rennes pour mieux vous aider.<\/span>[\/vc_column_text][\/vc_column_inner][vc_column_inner width=\u00a0\u00bb1\/6&Prime;][\/vc_column_inner][\/vc_row_inner][\/vc_column][\/vc_row][vc_row full_width=\u00a0\u00bbstretch_row\u00a0\u00bb gap=\u00a0\u00bb0&Prime; equal_height=\u00a0\u00bbyes\u00a0\u00bb content_placement=\u00a0\u00bbbottom\u00a0\u00bb bg_position=\u00a0\u00bbcenter center\u00a0\u00bb css=\u00a0\u00bb.vc_custom_1633593524675{background-color: #f7f7f7 !important;background-position: center !important;background-repeat: no-repeat !important;background-size: cover !important;}\u00a0\u00bb][vc_column width=\u00a0\u00bb3\/4&Prime; css=\u00a0\u00bb.vc_custom_1630502740269{padding-top: 60px !important;padding-bottom: 60px !important;}\u00a0\u00bb][vc_row_inner][vc_column_inner width=\u00a0\u00bb1\/6&Prime;][\/vc_column_inner][vc_column_inner width=\u00a0\u00bb2\/3&Prime;][vc_custom_heading text=\u00a0\u00bbApproach People : une ma\u00eetrise du march\u00e9 de l\u2019emploi \u00e0 Rennes\u00a0\u00bb font_container=\u00a0\u00bbtag:h2|text_align:center\u00a0\u00bb css=\u00a0\u00bb.vc_custom_1692630063454{margin-bottom: 15px !important;}\u00a0\u00bb][vc_column_text el_class=\u00a0\u00bbsub-title\u00a0\u00bb css=\u00a0\u00bb.vc_custom_1645105240527{margin-bottom: 30px !important;}\u00a0\u00bb]<\/p>\n<p>[\/vc_column_text][vc_column_text]<span style=\"font-weight: 400;\">Faites confiance \u00e0 notre expertise dans le march\u00e9 de l\u2019emploi \u00e0 Rennes pour optimiser vos chances de d\u00e9crocher l\u2019emploi parfait pour votre profil dans cette belle ville de Bretagne.<\/span><\/p>\n<p><span style=\"font-weight: 400;\">La ville de Rennes b\u00e9n\u00e9ficie de tous les atouts d\u2019une grande m\u00e9tropole avec l\u2019ambiance conviviale d\u2019un charmant village breton. Gr\u00e2ce \u00e0 sa situation g\u00e9ographique id\u00e9ale, vous pourrez vous \u00e9chapper en quelques minutes du dynamisme de la ville pour fl\u00e2ner dans un parc, longer la rivi\u00e8re et faire de belles promenades en for\u00eat.<\/span><\/p>\n<p><span style=\"font-weight: 400;\">Cette capitale de la Bretagne vous fait \u00e9galement profiter d\u2019un march\u00e9 du travail florissant. Rennes b\u00e9n\u00e9ficie, en effet, d\u2019un v\u00e9ritable dynamisme \u00e9conomique qui lui permet d\u2019offrir d\u2019innombrables d\u00e9bouch\u00e9s professionnels. La ville propose des opportunit\u00e9s dans des secteurs d\u2019activit\u00e9s vari\u00e9s comme le num\u00e9rique, le transport, l\u2019agroalimentaire, la sant\u00e9, la cybers\u00e9curit\u00e9, etc.<\/span>[\/vc_column_text][\/vc_column_inner][vc_column_inner width=\u00a0\u00bb1\/6&Prime;][\/vc_column_inner][\/vc_row_inner][\/vc_column][vc_column width=\u00a0\u00bb1\/4&Prime; bg_position=\u00a0\u00bbcenter bottom\u00a0\u00bb css=\u00a0\u00bb.vc_custom_1638889378814{background-image: url(https:\/\/www.approachpeople.com\/wp-content\/uploads\/2021\/12\/activity.jpg?id=1356) !important;background-position: center !important;background-repeat: no-repeat !important;background-size: cover !important;}\u00a0\u00bb offset=\u00a0\u00bbvc_hidden-xs\u00a0\u00bb el_class=\u00a0\u00bbcropped-img mobile-img-min\u00a0\u00bb][\/vc_column][\/vc_row][vc_row responsive_css=\u00a0\u00bbpadding_top_large:100px\u00a0\u00bb css=\u00a0\u00bb.vc_custom_1633505089183{background-color: #cb340a !important;}\u00a0\u00bb][vc_column][vc_custom_heading text=\u00a0\u00bbOffres d\u2019emploi \u00e0 Rennes\u00a0\u00bb font_container=\u00a0\u00bbtag:h2|text_align:center|color:%23ffffff\u00a0\u00bb css=\u00a0\u00bb.vc_custom_1692630184430{margin-bottom: 15px !important;}\u00a0\u00bb][vc_column_text css=\u00a0\u00bb.vc_custom_1692630216716{margin-bottom: 35px !important;}\u00a0\u00bb el_class=\u00a0\u00bbtext-white\u00a0\u00bb]<\/p>\n<p style=\"text-align: center;\"><span style=\"font-weight: 400;\">Vous voulez relever de nouveaux d\u00e9fis et \u00e9voluer aussi bien au niveau professionnel que personnel\u00a0? Partez travailler \u00e0 Rennes. Une multitude de structures, PME et multinationales, implant\u00e9es dans cette ville nous confient leur recherche de talents sur divers secteurs d\u2019activit\u00e9s. Profitez-en pour trouver l\u2019offre qui correspond \u00e0 votre profil. Nos consultants vous joignent d\u00e8s que votre candidature r\u00e9pond \u00e0 un poste ouvert \u00e0 Rennes.<\/span><\/p>\n<p>[\/vc_column_text][vc_btn title=\u00a0\u00bbD\u00e9couvrez nos postes ouverts \u00e0 Rennes\u00a0\u00bb style=\u00a0\u00bbflat\u00a0\u00bb color=\u00a0\u00bbdanger\u00a0\u00bb size=\u00a0\u00bbsm\u00a0\u00bb align=\u00a0\u00bbcenter\u00a0\u00bb link=\u00a0\u00bburl:https%3A%2F%2Fwww.approachpeople.com%2Ffr%2Frecherche-emploi%3Fsearch_title%3D%26location_location1%3Dfrance%26sector_cat%3D%26lang%3Dfr%26ajax_filter%3Dtrue\u00a0\u00bb][\/vc_column][\/vc_row][vc_row gap=\u00a0\u00bb0&Prime; equal_height=\u00a0\u00bbyes\u00a0\u00bb css_animation=\u00a0\u00bbleft-to-right\u00a0\u00bb][vc_column el_class=\u00a0\u00bbap-icon-agency\u00a0\u00bb][vc_row_inner css=\u00a0\u00bb.vc_custom_1630502873371{padding-top: 60px !important;padding-bottom: 60px !important;}\u00a0\u00bb responsive_css=\u00a0\u00bbpadding_right_large:40px|padding_right_medium:40px\u00a0\u00bb][vc_column_inner offset=\u00a0\u00bbvc_col-lg-9 vc_col-md-9 vc_col-xs-12&Prime;][vc_custom_heading text=\u00a0\u00bbRecrutement sur mesure \u00e0 Rennes\u00a0\u00bb css=\u00a0\u00bb.vc_custom_1692630266541{margin-bottom: 15px !important;}\u00a0\u00bb][vc_column_text]<span style=\"font-weight: 400;\">Vous comptez certainement parmi les profils recherch\u00e9s\u00a0\u00e0 Rennes. <a href=\"https:\/\/www.google.com\/url?q=https:\/\/recruitcrm.io\/talent_pool_submission\/Approach_People_Recruitment_1&amp;sa=D&amp;source=docs&amp;ust=1692632035948948&amp;usg=AOvVaw2B4H-iVWAHJQDmjhi7oHcY\">D\u00e9posez votre CV dans notre CVth\u00e8que<\/a>, nous vous contactons imm\u00e9diatement lorsqu\u2019il r\u00e9pond aux besoins d\u2019une offre disponible.\u00a0<\/span><\/p>\n<p><span style=\"font-weight: 400;\">Nos consultants experts du march\u00e9 de l\u2019emploi \u00e0 Rennes vous accompagnent dans le processus de recrutement dans lequel vous vous engagez. Nous vous aidons \u00e0 mettre en valeur votre candidature depuis l\u2019am\u00e9lioration de votre CV \u00e0 l\u2019int\u00e9gration en entreprise en passant par la pr\u00e9paration aux entretiens.<\/span>[\/vc_column_text][\/vc_column_inner][vc_column_inner width=\u00a0\u00bb1\/4&Prime; offset=\u00a0\u00bbvc_hidden-sm vc_hidden-xs\u00a0\u00bb][\/vc_column_inner][\/vc_row_inner][\/vc_column][\/vc_row][vc_row el_class=\u00a0\u00bbfixed-contact sector\u00a0\u00bb el_id=\u00a0\u00bbcontact-form\u00a0\u00bb][vc_column]<div id=\"ld_cf7_69fe10ad9ae6a\" class=\"lqd-contact-form ld_cf7_69fe10ad9ae6a\">\n\t\n<div class=\"wpcf7 no-js\" id=\"wpcf7-f3642-o1\" lang=\"fr-FR\" dir=\"ltr\" data-wpcf7-id=\"3642\">\n<div class=\"screen-reader-response\"><p role=\"status\" aria-live=\"polite\" aria-atomic=\"true\"><\/p> <ul><\/ul><\/div>\n<form action=\"\/fr\/wp-json\/wp\/v2\/pages\/39803#wpcf7-f3642-o1\" method=\"post\" class=\"wpcf7-form init\" aria-label=\"Formulaire de contact\" novalidate=\"novalidate\" data-status=\"init\">\n<fieldset class=\"hidden-fields-container\"><input type=\"hidden\" name=\"_wpcf7\" value=\"3642\" \/><input type=\"hidden\" name=\"_wpcf7_version\" value=\"6.1.5\" \/><input type=\"hidden\" name=\"_wpcf7_locale\" value=\"fr_FR\" \/><input type=\"hidden\" name=\"_wpcf7_unit_tag\" value=\"wpcf7-f3642-o1\" \/><input type=\"hidden\" name=\"_wpcf7_container_post\" value=\"0\" \/><input type=\"hidden\" name=\"_wpcf7_posted_data_hash\" value=\"\" \/><input type=\"hidden\" name=\"_wpcf7cf_hidden_group_fields\" value=\"[]\" \/><input type=\"hidden\" name=\"_wpcf7cf_hidden_groups\" value=\"[]\" \/><input type=\"hidden\" name=\"_wpcf7cf_visible_groups\" value=\"[]\" \/><input type=\"hidden\" name=\"_wpcf7cf_repeaters\" value=\"[]\" \/><input type=\"hidden\" name=\"_wpcf7cf_steps\" value=\"{}\" \/><input type=\"hidden\" name=\"_wpcf7cf_options\" value=\"{&quot;form_id&quot;:3642,&quot;conditions&quot;:[{&quot;then_field&quot;:&quot;-1&quot;,&quot;and_rules&quot;:[{&quot;if_field&quot;:&quot;-1&quot;,&quot;operator&quot;:&quot;equals&quot;,&quot;if_value&quot;:&quot;Recruit top talent&quot;}]},{&quot;then_field&quot;:&quot;-1&quot;,&quot;and_rules&quot;:[{&quot;if_field&quot;:&quot;-1&quot;,&quot;operator&quot;:&quot;equals&quot;,&quot;if_value&quot;:&quot;Send my CV&quot;}]}],&quot;settings&quot;:{&quot;animation&quot;:&quot;yes&quot;,&quot;animation_intime&quot;:200,&quot;animation_outtime&quot;:200,&quot;conditions_ui&quot;:&quot;normal&quot;,&quot;notice_dismissed&quot;:false,&quot;notice_dismissed_rollback-cf7-5.9.3&quot;:true}}\" \/><input type=\"hidden\" name=\"_wpcf7_recaptcha_response\" value=\"\" \/>\n<\/fieldset>\n<div class=\"form-contact\">\n\t<div class=\"exh2-fixed\">\n\t\t<p><span><i class=\"fas fa-building\"><\/i> Vous recrutez ?<\/span>\n\t\t<\/p>\n\t<\/div>\n\t<div class=\"input-w-icon\">\n\t\t<p><i class=\"fa fa-building\" aria-hidden=\"true\"><\/i><br \/>\n<label for=\"your-company\" class=\"move\">Votre entreprise<\/label><br \/>\n<span class=\"wpcf7-form-control-wrap\" data-name=\"your-company\"><input size=\"40\" maxlength=\"400\" class=\"wpcf7-form-control wpcf7-text wpcf7-validates-as-required\" aria-required=\"true\" aria-invalid=\"false\" value=\"\" type=\"text\" name=\"your-company\" \/><\/span>\n\t\t<\/p>\n\t<\/div>\n\t<div class=\"input-w-icon\">\n\t\t<p><i class=\"fa fa-user\" aria-hidden=\"true\"><\/i><br \/>\n<label for=\"your-name\" class=\"move\">Votre nom<\/label><br \/>\n<span class=\"wpcf7-form-control-wrap\" data-name=\"your-name\"><input size=\"40\" maxlength=\"400\" class=\"wpcf7-form-control wpcf7-text wpcf7-validates-as-required\" aria-required=\"true\" aria-invalid=\"false\" value=\"\" type=\"text\" name=\"your-name\" \/><\/span>\n\t\t<\/p>\n\t<\/div>\n\t<div class=\"input-w-icon\">\n\t\t<p><i class=\"fa fa-envelope\" aria-hidden=\"true\"><\/i><br \/>\n<label for=\"your-email\" class=\"move\">Votre email<\/label><br \/>\n<span class=\"wpcf7-form-control-wrap\" data-name=\"your-email\"><input size=\"40\" maxlength=\"400\" class=\"wpcf7-form-control wpcf7-email wpcf7-validates-as-required wpcf7-text wpcf7-validates-as-email\" aria-required=\"true\" aria-invalid=\"false\" value=\"\" type=\"email\" name=\"your-email\" \/><\/span>\n\t\t<\/p>\n\t<\/div>\n\t<div class=\"input-w-icon\">\n\t\t<p><i class=\"fa fa-mobile\" aria-hidden=\"true\"><\/i><br \/>\n<label for=\"your-tel\" class=\"move\">Votre t\u00e9l\u00e9phone<\/label><br \/>\n<span class=\"wpcf7-form-control-wrap\" data-name=\"your-tel\"><input size=\"40\" maxlength=\"400\" class=\"wpcf7-form-control wpcf7-text\" aria-invalid=\"false\" value=\"\" type=\"text\" name=\"your-tel\" \/><\/span>\n\t\t<\/p>\n\t<\/div>\n\t<div class=\"input-wo-icon country-selector\">\n\t\t<div class=\"label-w-icon\">\n\t\t\t<p><i class=\"fa fa-map-marker\" aria-hidden=\"true\"><\/i><br \/>\n<label for=\"location-interest\">Localisation(s) d'int\u00e9r\u00eat :<\/label>\n\t\t\t<\/p>\n\t\t<\/div>\n\t\t<p><span class=\"wpcf7-form-control-wrap\" data-name=\"location-interest\"><span class=\"wpcf7-form-control wpcf7-checkbox wpcf7-validates-as-required\"><span class=\"wpcf7-list-item first\"><label><input type=\"checkbox\" name=\"location-interest[]\" value=\"France\" \/><span class=\"wpcf7-list-item-label\">France<\/span><\/label><\/span><span class=\"wpcf7-list-item\"><label><input type=\"checkbox\" name=\"location-interest[]\" value=\"Allemagne\" \/><span class=\"wpcf7-list-item-label\">Allemagne<\/span><\/label><\/span><span class=\"wpcf7-list-item\"><label><input type=\"checkbox\" name=\"location-interest[]\" value=\"Irlande\" \/><span class=\"wpcf7-list-item-label\">Irlande<\/span><\/label><\/span><span class=\"wpcf7-list-item\"><label><input type=\"checkbox\" name=\"location-interest[]\" value=\"Espagne\" \/><span class=\"wpcf7-list-item-label\">Espagne<\/span><\/label><\/span><span class=\"wpcf7-list-item\"><label><input type=\"checkbox\" name=\"location-interest[]\" value=\"Suisse\" \/><span class=\"wpcf7-list-item-label\">Suisse<\/span><\/label><\/span><span class=\"wpcf7-list-item\"><label><input type=\"checkbox\" name=\"location-interest[]\" value=\"Pays-Bas\" \/><span class=\"wpcf7-list-item-label\">Pays-Bas<\/span><\/label><\/span><span class=\"wpcf7-list-item\"><label><input type=\"checkbox\" name=\"location-interest[]\" value=\"Royaume-Uni\" \/><span class=\"wpcf7-list-item-label\">Royaume-Uni<\/span><\/label><\/span><span class=\"wpcf7-list-item last\"><label><input type=\"checkbox\" name=\"location-interest[]\" value=\"Autre\" \/><span class=\"wpcf7-list-item-label\">Autre<\/span><\/label><\/span><\/span><\/span>\n\t\t<\/p>\n\t<\/div>\n\t<div class=\"input-wo-icon\">\n\t\t<div class=\"label-w-icon\">\n\t\t\t<p><i class=\"fa fa-suitcase\" aria-hidden=\"true\"><\/i><br \/>\n<label for=\"job-categ\">Emploi souhait\u00e9 :<\/label>\n\t\t\t<\/p>\n\t\t<\/div>\n\t\t<p><span class=\"wpcf7-form-control-wrap\" data-name=\"job-categ\"><span class=\"wpcf7-form-control wpcf7-checkbox wpcf7-validates-as-required\"><span class=\"wpcf7-list-item first\"><label><input type=\"checkbox\" name=\"job-categ[]\" value=\"Comptabilit\u00e9 \/ Finance\" \/><span class=\"wpcf7-list-item-label\">Comptabilit\u00e9 \/ Finance<\/span><\/label><\/span><span class=\"wpcf7-list-item\"><label><input type=\"checkbox\" name=\"job-categ[]\" value=\"Service client\" \/><span class=\"wpcf7-list-item-label\">Service client<\/span><\/label><\/span><span class=\"wpcf7-list-item\"><label><input type=\"checkbox\" name=\"job-categ[]\" value=\"Num\u00e9rique \/ IT\" \/><span class=\"wpcf7-list-item-label\">Num\u00e9rique \/ IT<\/span><\/label><\/span><span class=\"wpcf7-list-item\"><label><input type=\"checkbox\" name=\"job-categ[]\" value=\"Ing\u00e9nierie\" \/><span class=\"wpcf7-list-item-label\">Ing\u00e9nierie<\/span><\/label><\/span><span class=\"wpcf7-list-item\"><label><input type=\"checkbox\" name=\"job-categ[]\" value=\"RH \/ L\u00e9gal\" \/><span class=\"wpcf7-list-item-label\">RH \/ L\u00e9gal<\/span><\/label><\/span><span class=\"wpcf7-list-item\"><label><input type=\"checkbox\" name=\"job-categ[]\" value=\"Management\" \/><span class=\"wpcf7-list-item-label\">Management<\/span><\/label><\/span><span class=\"wpcf7-list-item\"><label><input type=\"checkbox\" name=\"job-categ[]\" value=\"Sales \/ Marketing\" \/><span class=\"wpcf7-list-item-label\">Sales \/ Marketing<\/span><\/label><\/span><span class=\"wpcf7-list-item last\"><label><input type=\"checkbox\" name=\"job-categ[]\" value=\"Autre\" \/><span class=\"wpcf7-list-item-label\">Autre<\/span><\/label><\/span><\/span><\/span>\n\t\t<\/p>\n\t<\/div>\n\t<div class=\"input-w-icon\">\n\t\t<p><i class=\"fa fa-pencil\" aria-hidden=\"true\"><\/i><br \/>\n<label for=\"your-choice\" class=\"move\">Comment pouvons-nous vous aider ?<\/label><br \/>\n<span class=\"wpcf7-form-control-wrap\" data-name=\"assist-need\"><textarea cols=\"40\" rows=\"10\" maxlength=\"2000\" class=\"wpcf7-form-control wpcf7-textarea wpcf7-validates-as-required\" aria-required=\"true\" aria-invalid=\"false\" name=\"assist-need\"><\/textarea><\/span>\n\t\t<\/p>\n\t<\/div>\n\t<div class=\"input-wo-icon\">\n\t\t<p><span class=\"wpcf7-form-control-wrap\" data-name=\"acceptance\"><span class=\"wpcf7-form-control wpcf7-acceptance\"><span class=\"wpcf7-list-item\"><label><input type=\"checkbox\" name=\"acceptance\" value=\"1\" aria-invalid=\"false\" \/><span class=\"wpcf7-list-item-label\">J'accepte les <a href=\"https:\/\/www.approachpeople.com\/terms-and-conditions\">Termes & Conditions<\/a><\/span><\/label><\/span><\/span><\/span>\n\t\t<\/p>\n\t<\/div>\n\t<div class=\"input-wo-icon btn-send\">\n\t\t<p><input class=\"wpcf7-form-control wpcf7-submit has-spinner\" type=\"submit\" value=\"ENVOYER\" \/>\n\t\t<\/p>\n\t<\/div>\n<\/div><div class=\"wpcf7-response-output\" aria-hidden=\"true\"><\/div>\n<\/form>\n<\/div>\n<\/div>[\/vc_column][\/vc_row]<\/p>\n<\/div>","protected":false},"excerpt":{"rendered":"<p>[vc_row gap=\u00a0\u00bb0&Prime; equal_height=\u00a0\u00bbyes\u00a0\u00bb bg_position=\u00a0\u00bbcenter top\u00a0\u00bb el_id=\u00a0\u00bbslider-home\u00a0\u00bb css=\u00a0\u00bb.vc_custom_1629810303424{background-image: url(https:\/\/www.approachpeople.com\/wp-content\/uploads\/2021\/08\/slider-1.jpg?id=43) !important;background-position: center !important;background-repeat: no-repeat !important;background-size: cover !important;}\u00a0\u00bb][vc_column&#8230;<\/p>\n","protected":false},"author":1,"featured_media":0,"parent":2351,"menu_order":0,"comment_status":"closed","ping_status":"closed","template":"","meta":{"footnotes":""},"class_list":["post-39803","page","type-page","status-publish","hentry"],"yoast_head":"<!-- This site is optimized with the Yoast SEO plugin v27.5 - https:\/\/yoast.com\/product\/yoast-seo-wordpress\/ -->\n<title>Tous les postes disponibles \u00e0 Rennes \u2013 Approach People<\/title>\n<meta name=\"description\" content=\"Trouvez un travail \u00e0 Rennes dans le secteur d\u2019activit\u00e9 qui vous correspond. Nous vous aidons d\u00e8s que votre profil matche avec un poste ouvert dans cette ville.\" \/>\n<meta name=\"robots\" content=\"index, follow, max-snippet:-1, max-image-preview:large, max-video-preview:-1\" \/>\n<link rel=\"canonical\" href=\"https:\/\/www.approachpeople.com\/fr\/candidats\/rennes\" \/>\n<meta property=\"og:locale\" content=\"fr_FR\" \/>\n<meta property=\"og:type\" content=\"article\" \/>\n<meta property=\"og:title\" content=\"Tous les postes disponibles \u00e0 Rennes \u2013 Approach People\" \/>\n<meta property=\"og:description\" content=\"Trouvez un travail \u00e0 Rennes dans le secteur d\u2019activit\u00e9 qui vous correspond. Nous vous aidons d\u00e8s que votre profil matche avec un poste ouvert dans cette ville.\" \/>\n<meta property=\"og:url\" content=\"https:\/\/www.approachpeople.com\/fr\/candidats\/rennes\" \/>\n<meta property=\"og:site_name\" content=\"Approach People Recruitment\" \/>\n<meta property=\"article:modified_time\" content=\"2023-12-23T18:07:24+00:00\" \/>\n<meta name=\"twitter:card\" content=\"summary_large_image\" \/>\n<meta name=\"twitter:label1\" content=\"Dur\u00e9e de lecture estim\u00e9e\" \/>\n\t<meta name=\"twitter:data1\" content=\"3 minutes\" \/>\n<!-- \/ Yoast SEO plugin. -->","yoast_head_json":{"title":"Tous les postes disponibles \u00e0 Rennes \u2013 Approach People","description":"Trouvez un travail \u00e0 Rennes dans le secteur d\u2019activit\u00e9 qui vous correspond. Nous vous aidons d\u00e8s que votre profil matche avec un poste ouvert dans cette ville.","robots":{"index":"index","follow":"follow","max-snippet":"max-snippet:-1","max-image-preview":"max-image-preview:large","max-video-preview":"max-video-preview:-1"},"canonical":"https:\/\/www.approachpeople.com\/fr\/candidats\/rennes","og_locale":"fr_FR","og_type":"article","og_title":"Tous les postes disponibles \u00e0 Rennes \u2013 Approach People","og_description":"Trouvez un travail \u00e0 Rennes dans le secteur d\u2019activit\u00e9 qui vous correspond. Nous vous aidons d\u00e8s que votre profil matche avec un poste ouvert dans cette ville.","og_url":"https:\/\/www.approachpeople.com\/fr\/candidats\/rennes","og_site_name":"Approach People Recruitment","article_modified_time":"2023-12-23T18:07:24+00:00","twitter_card":"summary_large_image","twitter_misc":{"Dur\u00e9e de lecture estim\u00e9e":"3 minutes"},"schema":{"@context":"https:\/\/schema.org","@graph":[{"@type":"WebPage","@id":"https:\/\/www.approachpeople.com\/fr\/candidats\/rennes","url":"https:\/\/www.approachpeople.com\/fr\/candidats\/rennes","name":"Tous les postes disponibles \u00e0 Rennes \u2013 Approach People","isPartOf":{"@id":"https:\/\/www.approachpeople.com\/#website"},"datePublished":"2023-08-21T15:08:11+00:00","dateModified":"2023-12-23T18:07:24+00:00","description":"Trouvez un travail \u00e0 Rennes dans le secteur d\u2019activit\u00e9 qui vous correspond. Nous vous aidons d\u00e8s que votre profil matche avec un poste ouvert dans cette ville.","breadcrumb":{"@id":"https:\/\/www.approachpeople.com\/fr\/candidats\/rennes#breadcrumb"},"inLanguage":"fr-FR","potentialAction":[{"@type":"ReadAction","target":["https:\/\/www.approachpeople.com\/fr\/candidats\/rennes"]}]},{"@type":"BreadcrumbList","@id":"https:\/\/www.approachpeople.com\/fr\/candidats\/rennes#breadcrumb","itemListElement":[{"@type":"ListItem","position":1,"name":"Home","item":"https:\/\/www.approachpeople.com\/fr"},{"@type":"ListItem","position":2,"name":"Candidats","item":"https:\/\/www.approachpeople.com\/fr\/candidats"},{"@type":"ListItem","position":3,"name":"Rennes"}]},{"@type":"WebSite","@id":"https:\/\/www.approachpeople.com\/#website","url":"https:\/\/www.approachpeople.com\/","name":"Approach People Recruitment","description":"","potentialAction":[{"@type":"SearchAction","target":{"@type":"EntryPoint","urlTemplate":"https:\/\/www.approachpeople.com\/?s={search_term_string}"},"query-input":{"@type":"PropertyValueSpecification","valueRequired":true,"valueName":"search_term_string"}}],"inLanguage":"fr-FR"}]}},"_links":{"self":[{"href":"https:\/\/www.approachpeople.com\/fr\/wp-json\/wp\/v2\/pages\/39803","targetHints":{"allow":["GET"]}}],"collection":[{"href":"https:\/\/www.approachpeople.com\/fr\/wp-json\/wp\/v2\/pages"}],"about":[{"href":"https:\/\/www.approachpeople.com\/fr\/wp-json\/wp\/v2\/types\/page"}],"author":[{"embeddable":true,"href":"https:\/\/www.approachpeople.com\/fr\/wp-json\/wp\/v2\/users\/1"}],"replies":[{"embeddable":true,"href":"https:\/\/www.approachpeople.com\/fr\/wp-json\/wp\/v2\/comments?post=39803"}],"version-history":[{"count":0,"href":"https:\/\/www.approachpeople.com\/fr\/wp-json\/wp\/v2\/pages\/39803\/revisions"}],"up":[{"embeddable":true,"href":"https:\/\/www.approachpeople.com\/fr\/wp-json\/wp\/v2\/pages\/2351"}],"wp:attachment":[{"href":"https:\/\/www.approachpeople.com\/fr\/wp-json\/wp\/v2\/media?parent=39803"}],"curies":[{"name":"wp","href":"https:\/\/api.w.org\/{rel}","templated":true}]}}