{"id":39798,"date":"2023-08-21T16:30:59","date_gmt":"2023-08-21T14:30:59","guid":{"rendered":"https:\/\/www.approachpeople.com\/?page_id=39798"},"modified":"2023-08-21T16:30:59","modified_gmt":"2023-08-21T14:30:59","slug":"reims","status":"publish","type":"page","link":"https:\/\/www.approachpeople.com\/fr\/candidats\/reims","title":{"rendered":"Reims"},"content":{"rendered":"<div class=\"wpb-content-wrapper\"><p>[vc_row gap=\u00a0\u00bb0&Prime; equal_height=\u00a0\u00bbyes\u00a0\u00bb bg_position=\u00a0\u00bbcenter top\u00a0\u00bb el_id=\u00a0\u00bbslider-home\u00a0\u00bb css=\u00a0\u00bb.vc_custom_1629810303424{background-image: url(https:\/\/www.approachpeople.com\/wp-content\/uploads\/2021\/08\/slider-1.jpg?id=43) !important;background-position: center !important;background-repeat: no-repeat !important;background-size: cover !important;}\u00a0\u00bb][vc_column width=\u00a0\u00bb3\/4&Prime;][vc_column_text el_class=\u00a0\u00bbslider-bold\u00a0\u00bb]<\/p>\n<h1 style=\"text-align: center;\">Cabinet de recrutement pour trouver un emploi \u00e0 Reims<\/h1>\n<p>[\/vc_column_text][vc_column_text el_class=\u00a0\u00bbslider-normal\u00a0\u00bb]<\/p>\n<p>[\/vc_column_text][\/vc_column][vc_column width=\u00a0\u00bb1\/4&Prime;][\/vc_column][\/vc_row][vc_row full_width=\u00a0\u00bbstretch_row\u00a0\u00bb gap=\u00a0\u00bb0&Prime; equal_height=\u00a0\u00bbyes\u00a0\u00bb content_placement=\u00a0\u00bbbottom\u00a0\u00bb bg_position=\u00a0\u00bbcenter center\u00a0\u00bb css=\u00a0\u00bb.vc_custom_1633593524675{background-color: #f7f7f7 !important;background-position: center !important;background-repeat: no-repeat !important;background-size: cover !important;}\u00a0\u00bb][vc_column width=\u00a0\u00bb1\/4&Prime; bg_position=\u00a0\u00bbcenter bottom\u00a0\u00bb css=\u00a0\u00bb.vc_custom_1638889378814{background-image: url(https:\/\/www.approachpeople.com\/wp-content\/uploads\/2021\/12\/activity.jpg?id=1356) !important;background-position: center !important;background-repeat: no-repeat !important;background-size: cover !important;}\u00a0\u00bb offset=\u00a0\u00bbvc_hidden-xs\u00a0\u00bb el_class=\u00a0\u00bbcropped-img mobile-img-min\u00a0\u00bb][\/vc_column][vc_column width=\u00a0\u00bb3\/4&Prime; css=\u00a0\u00bb.vc_custom_1630502740269{padding-top: 60px !important;padding-bottom: 60px !important;}\u00a0\u00bb][vc_row_inner][vc_column_inner width=\u00a0\u00bb1\/6&Prime;][\/vc_column_inner][vc_column_inner width=\u00a0\u00bb2\/3&Prime;][vc_column_text el_class=\u00a0\u00bbsub-title\u00a0\u00bb css=\u00a0\u00bb.vc_custom_1692627905938{margin-bottom: 30px !important;}\u00a0\u00bb]<span style=\"font-weight: 400;\">Vous n\u2019arrivez pas \u00e0 d\u00e9crocher un travail \u00e0 Reims ? Le cabinet de recrutement Approach People vous offre conseils et accompagnement pour multiplier vos chances. Pour cela, <a href=\"https:\/\/www.google.com\/url?q=https:\/\/recruitcrm.io\/talent_pool_submission\/Approach_People_Recruitment_1&amp;sa=D&amp;source=docs&amp;ust=1692628494558064&amp;usg=AOvVaw1E1vtYka8Cra4ubYXKbwNG\">d\u00e9posez votre CV sur notre plateforme<\/a>. Un de nos consultants vous contacte d\u00e8s qu\u2019une offre correspond \u00e0 votre profil.<\/span>[\/vc_column_text][vc_custom_heading text=\u00a0\u00bbApproach People Recruitment vous accompagne pour trouver un emploi \u00e0 Reims\u00a0\u00bb font_container=\u00a0\u00bbtag:h2|text_align:center\u00a0\u00bb css=\u00a0\u00bb.vc_custom_1692627948213{margin-bottom: 15px !important;}\u00a0\u00bb][vc_column_text]<strong>Des bureaux en France et \u00e0 l\u2019\u00e9tranger : <\/strong><span style=\"font-weight: 400;\">Le cabinet de recrutement Approach People poss\u00e8de des agences implant\u00e9es dans plusieurs endroits en France comme \u00e0 l\u2019\u00e9tranger. Nos consultants op\u00e8rent en local et \u00e0 distance.<\/span><\/p>\n<p><strong>Nous prenons contact avec vous : <\/strong><span style=\"font-weight: 400;\">Faites confiance \u00e0 notre expertise\u00a0! Un de nos consultants prend rapidement contact avec vous d\u00e8s qu\u2019une offre d\u2019emploi qui correspond \u00e0 votre profil est disponible \u00e0 Reims.<\/span><\/p>\n<p><strong>Un coaching personnalis\u00e9 de A \u00e0 Z : <\/strong><span style=\"font-weight: 400;\">Une fois votre profil s\u00e9lectionn\u00e9 pour un processus de recrutement \u00e0 Reims, nous vous offrons un accompagnement personnalis\u00e9, de l\u2019am\u00e9lioration de votre CV \u00e0 votre int\u00e9gration en entreprise.<\/span><\/p>\n<p><strong>Une connaissance du march\u00e9 de l\u2019emploi \u00e0 Reims : <\/strong><span style=\"font-weight: 400;\">Vous pouvez profiter de notre connaissance du march\u00e9 de l\u2019emploi \u00e0 Reims pour vous aider \u00e0 vous d\u00e9marquer des autres candidats lorsque votre profil matche avec une offre disponible.<\/span><\/p>\n<p><strong>Plus de 20 ans dans l\u2019accompagnement de candidats : <\/strong><span style=\"font-weight: 400;\">Cela fait plus de 20 ans que nous accompagnons les candidats dans leur processus de recrutement lorsque leur profil correspond \u00e0 un poste ouvert en local ou \u00e0 l\u2019\u00e9tranger. <\/span>[\/vc_column_text][\/vc_column_inner][vc_column_inner width=\u00a0\u00bb1\/6&Prime;][\/vc_column_inner][\/vc_row_inner][\/vc_column][\/vc_row][vc_row full_width=\u00a0\u00bbstretch_row\u00a0\u00bb gap=\u00a0\u00bb0&Prime; equal_height=\u00a0\u00bbyes\u00a0\u00bb content_placement=\u00a0\u00bbbottom\u00a0\u00bb bg_position=\u00a0\u00bbcenter center\u00a0\u00bb css=\u00a0\u00bb.vc_custom_1633593524675{background-color: #f7f7f7 !important;background-position: center !important;background-repeat: no-repeat !important;background-size: cover !important;}\u00a0\u00bb][vc_column width=\u00a0\u00bb3\/4&Prime; css=\u00a0\u00bb.vc_custom_1630502740269{padding-top: 60px !important;padding-bottom: 60px !important;}\u00a0\u00bb][vc_row_inner][vc_column_inner width=\u00a0\u00bb1\/6&Prime;][\/vc_column_inner][vc_column_inner width=\u00a0\u00bb2\/3&Prime;][vc_custom_heading text=\u00a0\u00bbApproach People : la ma\u00eetrise du march\u00e9 de l\u2019emploi \u00e0 Reims\u00a0\u00bb font_container=\u00a0\u00bbtag:h2|text_align:center\u00a0\u00bb css=\u00a0\u00bb.vc_custom_1692628087776{margin-bottom: 15px !important;}\u00a0\u00bb][vc_column_text el_class=\u00a0\u00bbsub-title\u00a0\u00bb css=\u00a0\u00bb.vc_custom_1645105240527{margin-bottom: 30px !important;}\u00a0\u00bb]<\/p>\n<p>[\/vc_column_text][vc_column_text]<span style=\"font-weight: 400;\">Profitez de l\u2019expertise de nos consultants sp\u00e9cialis\u00e9s dans le m\u00e9tier du recrutement \u00e0 Reims. Nous vous aidons \u00e0 acc\u00e9der au poste de vos r\u00eaves dans cette ville d\u00e8s que votre profil matche avec le poste vacant d\u2019une entreprise.<\/span><\/p>\n<p><span style=\"font-weight: 400;\">Vivre et travailler \u00e0 Reims constitue le r\u00eave de nombreux cadres et jeunes dipl\u00f4m\u00e9s pour de multiples raisons. En effet, cette grande ville particuli\u00e8rement bien situ\u00e9e poss\u00e8de une architecture riche, un cadre verdoyant et une ambiance dynamique qui ne manque pas de plaire. Ville active et sportive, la cit\u00e9 des sacres offre en plus plusieurs possibilit\u00e9s de divertissements apr\u00e8s le travail.<\/span><\/p>\n<p><span style=\"font-weight: 400;\">Par ailleurs, Reims compte de nombreuses structures professionnelles de toutes tailles (PME, ETI, entreprises internationales) \u00e9parpill\u00e9es dans plusieurs quartiers comme Jean Jaur\u00e8s, Cernay ou Moissons. Ces entreprises interviennent dans des secteurs d\u2019activit\u00e9 comme l\u2019assurance, la technologie de pointe, le courtage, la mode et l\u2019industrie, pour n\u2019en citer que quelques-uns.<\/span>[\/vc_column_text][\/vc_column_inner][vc_column_inner width=\u00a0\u00bb1\/6&Prime;][\/vc_column_inner][\/vc_row_inner][\/vc_column][vc_column width=\u00a0\u00bb1\/4&Prime; bg_position=\u00a0\u00bbcenter bottom\u00a0\u00bb css=\u00a0\u00bb.vc_custom_1638889378814{background-image: url(https:\/\/www.approachpeople.com\/wp-content\/uploads\/2021\/12\/activity.jpg?id=1356) !important;background-position: center !important;background-repeat: no-repeat !important;background-size: cover !important;}\u00a0\u00bb offset=\u00a0\u00bbvc_hidden-xs\u00a0\u00bb el_class=\u00a0\u00bbcropped-img mobile-img-min\u00a0\u00bb][\/vc_column][\/vc_row][vc_row responsive_css=\u00a0\u00bbpadding_top_large:100px\u00a0\u00bb css=\u00a0\u00bb.vc_custom_1633505089183{background-color: #cb340a !important;}\u00a0\u00bb][vc_column][vc_custom_heading text=\u00a0\u00bbOffres d\u2019emploi \u00e0 Reims\u00a0\u00bb font_container=\u00a0\u00bbtag:h2|text_align:center|color:%23ffffff\u00a0\u00bb css=\u00a0\u00bb.vc_custom_1692628166415{margin-bottom: 15px !important;}\u00a0\u00bb][vc_column_text css=\u00a0\u00bb.vc_custom_1692628176898{margin-bottom: 35px !important;}\u00a0\u00bb el_class=\u00a0\u00bbtext-white\u00a0\u00bb]<\/p>\n<p style=\"text-align: center;\">Enregistrez votre CV sur la CVth\u00e8que Approach People et d\u00e9couvrez toutes les offres d\u2019emploi disponibles \u00e0 Reims. D\u00e8s que votre profil correspond aux besoins d\u2019une entreprise dans cette ville, notre consultant vous contacte. Expert dans le m\u00e9tier, il saura vous aider \u00e0 mettre en valeur votre candidature en am\u00e9liorant votre CV et en vous aidant \u00e0 pr\u00e9parer vos entretiens.<\/p>\n<p>[\/vc_column_text][vc_btn title=\u00a0\u00bbD\u00e9couvrez nos postes ouverts \u00e0 Reims\u00a0\u00bb style=\u00a0\u00bbflat\u00a0\u00bb color=\u00a0\u00bbdanger\u00a0\u00bb size=\u00a0\u00bbsm\u00a0\u00bb align=\u00a0\u00bbcenter\u00a0\u00bb link=\u00a0\u00bburl:https%3A%2F%2Fwww.approachpeople.com%2Ffr%2Frecherche-emploi%3Fsearch_title%3D%26location_location1%3Dfrance%26sector_cat%3D%26lang%3Dfr%26ajax_filter%3Dtrue\u00a0\u00bb][\/vc_column][\/vc_row][vc_row gap=\u00a0\u00bb0&Prime; equal_height=\u00a0\u00bbyes\u00a0\u00bb css_animation=\u00a0\u00bbleft-to-right\u00a0\u00bb][vc_column el_class=\u00a0\u00bbap-icon-agency\u00a0\u00bb][vc_row_inner css=\u00a0\u00bb.vc_custom_1630502873371{padding-top: 60px !important;padding-bottom: 60px !important;}\u00a0\u00bb responsive_css=\u00a0\u00bbpadding_right_large:40px|padding_right_medium:40px\u00a0\u00bb][vc_column_inner offset=\u00a0\u00bbvc_col-lg-9 vc_col-md-9 vc_col-xs-12&Prime;][vc_custom_heading text=\u00a0\u00bbRecrutement sur mesure \u00e0 Reims\u00a0\u00bb css=\u00a0\u00bb.vc_custom_1692628220120{margin-bottom: 15px !important;}\u00a0\u00bb][vc_column_text]<span style=\"font-weight: 400;\">Fort d\u2019une exp\u00e9rience de multiples ann\u00e9es dans le recrutement, le cabinet Approach People est en mesure de conna\u00eetre exactement les attentes des entreprises de tous les secteurs d\u2019activit\u00e9. Nous vous proposons de profiter de cette expertise pour augmenter vos chances d\u2019\u00eatre embauch\u00e9 si votre profil correspond \u00e0 une offre ouverte \u00e0 Reims.<\/span><\/p>\n<p><span style=\"font-weight: 400;\">Notre cabinet collabore avec des consultants qui connaissent le march\u00e9 de l\u2019emploi \u00e0 Reims ainsi que la ville et la r\u00e9gion. Ils sont en plus polyglottes et pluriculturels et peuvent vous apporter une aide pr\u00e9cieuse si vous venez d\u2019un pays \u00e9tranger.<\/span>[\/vc_column_text][\/vc_column_inner][vc_column_inner width=\u00a0\u00bb1\/4&Prime; offset=\u00a0\u00bbvc_hidden-sm vc_hidden-xs\u00a0\u00bb][\/vc_column_inner][\/vc_row_inner][\/vc_column][\/vc_row][vc_row el_class=\u00a0\u00bbfixed-contact sector\u00a0\u00bb el_id=\u00a0\u00bbcontact-form\u00a0\u00bb][vc_column]<div id=\"ld_cf7_69fe1235035ad\" class=\"lqd-contact-form ld_cf7_69fe1235035ad\">\n\t\n<div class=\"wpcf7 no-js\" id=\"wpcf7-f3642-o1\" lang=\"fr-FR\" dir=\"ltr\" data-wpcf7-id=\"3642\">\n<div class=\"screen-reader-response\"><p role=\"status\" aria-live=\"polite\" aria-atomic=\"true\"><\/p> <ul><\/ul><\/div>\n<form action=\"\/fr\/wp-json\/wp\/v2\/pages\/39798#wpcf7-f3642-o1\" method=\"post\" class=\"wpcf7-form init\" aria-label=\"Formulaire de contact\" novalidate=\"novalidate\" data-status=\"init\">\n<fieldset class=\"hidden-fields-container\"><input type=\"hidden\" name=\"_wpcf7\" value=\"3642\" \/><input type=\"hidden\" name=\"_wpcf7_version\" value=\"6.1.5\" \/><input type=\"hidden\" name=\"_wpcf7_locale\" value=\"fr_FR\" \/><input type=\"hidden\" name=\"_wpcf7_unit_tag\" value=\"wpcf7-f3642-o1\" \/><input type=\"hidden\" name=\"_wpcf7_container_post\" value=\"0\" \/><input type=\"hidden\" name=\"_wpcf7_posted_data_hash\" value=\"\" \/><input type=\"hidden\" name=\"_wpcf7cf_hidden_group_fields\" value=\"[]\" \/><input type=\"hidden\" name=\"_wpcf7cf_hidden_groups\" value=\"[]\" \/><input type=\"hidden\" name=\"_wpcf7cf_visible_groups\" value=\"[]\" \/><input type=\"hidden\" name=\"_wpcf7cf_repeaters\" value=\"[]\" \/><input type=\"hidden\" name=\"_wpcf7cf_steps\" value=\"{}\" \/><input type=\"hidden\" name=\"_wpcf7cf_options\" value=\"{&quot;form_id&quot;:3642,&quot;conditions&quot;:[{&quot;then_field&quot;:&quot;-1&quot;,&quot;and_rules&quot;:[{&quot;if_field&quot;:&quot;-1&quot;,&quot;operator&quot;:&quot;equals&quot;,&quot;if_value&quot;:&quot;Recruit top talent&quot;}]},{&quot;then_field&quot;:&quot;-1&quot;,&quot;and_rules&quot;:[{&quot;if_field&quot;:&quot;-1&quot;,&quot;operator&quot;:&quot;equals&quot;,&quot;if_value&quot;:&quot;Send my CV&quot;}]}],&quot;settings&quot;:{&quot;animation&quot;:&quot;yes&quot;,&quot;animation_intime&quot;:200,&quot;animation_outtime&quot;:200,&quot;conditions_ui&quot;:&quot;normal&quot;,&quot;notice_dismissed&quot;:false,&quot;notice_dismissed_rollback-cf7-5.9.3&quot;:true}}\" \/><input type=\"hidden\" name=\"_wpcf7_recaptcha_response\" value=\"\" \/>\n<\/fieldset>\n<div class=\"form-contact\">\n\t<div class=\"exh2-fixed\">\n\t\t<p><span><i class=\"fas fa-building\"><\/i> Vous recrutez ?<\/span>\n\t\t<\/p>\n\t<\/div>\n\t<div class=\"input-w-icon\">\n\t\t<p><i class=\"fa fa-building\" aria-hidden=\"true\"><\/i><br \/>\n<label for=\"your-company\" class=\"move\">Votre entreprise<\/label><br \/>\n<span class=\"wpcf7-form-control-wrap\" data-name=\"your-company\"><input size=\"40\" maxlength=\"400\" class=\"wpcf7-form-control wpcf7-text wpcf7-validates-as-required\" aria-required=\"true\" aria-invalid=\"false\" value=\"\" type=\"text\" name=\"your-company\" \/><\/span>\n\t\t<\/p>\n\t<\/div>\n\t<div class=\"input-w-icon\">\n\t\t<p><i class=\"fa fa-user\" aria-hidden=\"true\"><\/i><br \/>\n<label for=\"your-name\" class=\"move\">Votre nom<\/label><br \/>\n<span class=\"wpcf7-form-control-wrap\" data-name=\"your-name\"><input size=\"40\" maxlength=\"400\" class=\"wpcf7-form-control wpcf7-text wpcf7-validates-as-required\" aria-required=\"true\" aria-invalid=\"false\" value=\"\" type=\"text\" name=\"your-name\" \/><\/span>\n\t\t<\/p>\n\t<\/div>\n\t<div class=\"input-w-icon\">\n\t\t<p><i class=\"fa fa-envelope\" aria-hidden=\"true\"><\/i><br \/>\n<label for=\"your-email\" class=\"move\">Votre email<\/label><br \/>\n<span class=\"wpcf7-form-control-wrap\" data-name=\"your-email\"><input size=\"40\" maxlength=\"400\" class=\"wpcf7-form-control wpcf7-email wpcf7-validates-as-required wpcf7-text wpcf7-validates-as-email\" aria-required=\"true\" aria-invalid=\"false\" value=\"\" type=\"email\" name=\"your-email\" \/><\/span>\n\t\t<\/p>\n\t<\/div>\n\t<div class=\"input-w-icon\">\n\t\t<p><i class=\"fa fa-mobile\" aria-hidden=\"true\"><\/i><br \/>\n<label for=\"your-tel\" class=\"move\">Votre t\u00e9l\u00e9phone<\/label><br \/>\n<span class=\"wpcf7-form-control-wrap\" data-name=\"your-tel\"><input size=\"40\" maxlength=\"400\" class=\"wpcf7-form-control wpcf7-text\" aria-invalid=\"false\" value=\"\" type=\"text\" name=\"your-tel\" \/><\/span>\n\t\t<\/p>\n\t<\/div>\n\t<div class=\"input-wo-icon country-selector\">\n\t\t<div class=\"label-w-icon\">\n\t\t\t<p><i class=\"fa fa-map-marker\" aria-hidden=\"true\"><\/i><br \/>\n<label for=\"location-interest\">Localisation(s) d'int\u00e9r\u00eat :<\/label>\n\t\t\t<\/p>\n\t\t<\/div>\n\t\t<p><span class=\"wpcf7-form-control-wrap\" data-name=\"location-interest\"><span class=\"wpcf7-form-control wpcf7-checkbox wpcf7-validates-as-required\"><span class=\"wpcf7-list-item first\"><label><input type=\"checkbox\" name=\"location-interest[]\" value=\"France\" \/><span class=\"wpcf7-list-item-label\">France<\/span><\/label><\/span><span class=\"wpcf7-list-item\"><label><input type=\"checkbox\" name=\"location-interest[]\" value=\"Allemagne\" \/><span class=\"wpcf7-list-item-label\">Allemagne<\/span><\/label><\/span><span class=\"wpcf7-list-item\"><label><input type=\"checkbox\" name=\"location-interest[]\" value=\"Irlande\" \/><span class=\"wpcf7-list-item-label\">Irlande<\/span><\/label><\/span><span class=\"wpcf7-list-item\"><label><input type=\"checkbox\" name=\"location-interest[]\" value=\"Espagne\" \/><span class=\"wpcf7-list-item-label\">Espagne<\/span><\/label><\/span><span class=\"wpcf7-list-item\"><label><input type=\"checkbox\" name=\"location-interest[]\" value=\"Suisse\" \/><span class=\"wpcf7-list-item-label\">Suisse<\/span><\/label><\/span><span class=\"wpcf7-list-item\"><label><input type=\"checkbox\" name=\"location-interest[]\" value=\"Pays-Bas\" \/><span class=\"wpcf7-list-item-label\">Pays-Bas<\/span><\/label><\/span><span class=\"wpcf7-list-item\"><label><input type=\"checkbox\" name=\"location-interest[]\" value=\"Royaume-Uni\" \/><span class=\"wpcf7-list-item-label\">Royaume-Uni<\/span><\/label><\/span><span class=\"wpcf7-list-item last\"><label><input type=\"checkbox\" name=\"location-interest[]\" value=\"Autre\" \/><span class=\"wpcf7-list-item-label\">Autre<\/span><\/label><\/span><\/span><\/span>\n\t\t<\/p>\n\t<\/div>\n\t<div class=\"input-wo-icon\">\n\t\t<div class=\"label-w-icon\">\n\t\t\t<p><i class=\"fa fa-suitcase\" aria-hidden=\"true\"><\/i><br \/>\n<label for=\"job-categ\">Emploi souhait\u00e9 :<\/label>\n\t\t\t<\/p>\n\t\t<\/div>\n\t\t<p><span class=\"wpcf7-form-control-wrap\" data-name=\"job-categ\"><span class=\"wpcf7-form-control wpcf7-checkbox wpcf7-validates-as-required\"><span class=\"wpcf7-list-item first\"><label><input type=\"checkbox\" name=\"job-categ[]\" value=\"Comptabilit\u00e9 \/ Finance\" \/><span class=\"wpcf7-list-item-label\">Comptabilit\u00e9 \/ Finance<\/span><\/label><\/span><span class=\"wpcf7-list-item\"><label><input type=\"checkbox\" name=\"job-categ[]\" value=\"Service client\" \/><span class=\"wpcf7-list-item-label\">Service client<\/span><\/label><\/span><span class=\"wpcf7-list-item\"><label><input type=\"checkbox\" name=\"job-categ[]\" value=\"Num\u00e9rique \/ IT\" \/><span class=\"wpcf7-list-item-label\">Num\u00e9rique \/ IT<\/span><\/label><\/span><span class=\"wpcf7-list-item\"><label><input type=\"checkbox\" name=\"job-categ[]\" value=\"Ing\u00e9nierie\" \/><span class=\"wpcf7-list-item-label\">Ing\u00e9nierie<\/span><\/label><\/span><span class=\"wpcf7-list-item\"><label><input type=\"checkbox\" name=\"job-categ[]\" value=\"RH \/ L\u00e9gal\" \/><span class=\"wpcf7-list-item-label\">RH \/ L\u00e9gal<\/span><\/label><\/span><span class=\"wpcf7-list-item\"><label><input type=\"checkbox\" name=\"job-categ[]\" value=\"Management\" \/><span class=\"wpcf7-list-item-label\">Management<\/span><\/label><\/span><span class=\"wpcf7-list-item\"><label><input type=\"checkbox\" name=\"job-categ[]\" value=\"Sales \/ Marketing\" \/><span class=\"wpcf7-list-item-label\">Sales \/ Marketing<\/span><\/label><\/span><span class=\"wpcf7-list-item last\"><label><input type=\"checkbox\" name=\"job-categ[]\" value=\"Autre\" \/><span class=\"wpcf7-list-item-label\">Autre<\/span><\/label><\/span><\/span><\/span>\n\t\t<\/p>\n\t<\/div>\n\t<div class=\"input-w-icon\">\n\t\t<p><i class=\"fa fa-pencil\" aria-hidden=\"true\"><\/i><br \/>\n<label for=\"your-choice\" class=\"move\">Comment pouvons-nous vous aider ?<\/label><br \/>\n<span class=\"wpcf7-form-control-wrap\" data-name=\"assist-need\"><textarea cols=\"40\" rows=\"10\" maxlength=\"2000\" class=\"wpcf7-form-control wpcf7-textarea wpcf7-validates-as-required\" aria-required=\"true\" aria-invalid=\"false\" name=\"assist-need\"><\/textarea><\/span>\n\t\t<\/p>\n\t<\/div>\n\t<div class=\"input-wo-icon\">\n\t\t<p><span class=\"wpcf7-form-control-wrap\" data-name=\"acceptance\"><span class=\"wpcf7-form-control wpcf7-acceptance\"><span class=\"wpcf7-list-item\"><label><input type=\"checkbox\" name=\"acceptance\" value=\"1\" aria-invalid=\"false\" \/><span class=\"wpcf7-list-item-label\">J'accepte les <a href=\"https:\/\/www.approachpeople.com\/terms-and-conditions\">Termes & Conditions<\/a><\/span><\/label><\/span><\/span><\/span>\n\t\t<\/p>\n\t<\/div>\n\t<div class=\"input-wo-icon btn-send\">\n\t\t<p><input class=\"wpcf7-form-control wpcf7-submit has-spinner\" type=\"submit\" value=\"ENVOYER\" \/>\n\t\t<\/p>\n\t<\/div>\n<\/div><div class=\"wpcf7-response-output\" aria-hidden=\"true\"><\/div>\n<\/form>\n<\/div>\n<\/div>[\/vc_column][\/vc_row]<\/p>\n<\/div>","protected":false},"excerpt":{"rendered":"<p>[vc_row gap=\u00a0\u00bb0&Prime; equal_height=\u00a0\u00bbyes\u00a0\u00bb bg_position=\u00a0\u00bbcenter top\u00a0\u00bb el_id=\u00a0\u00bbslider-home\u00a0\u00bb css=\u00a0\u00bb.vc_custom_1629810303424{background-image: url(https:\/\/www.approachpeople.com\/wp-content\/uploads\/2021\/08\/slider-1.jpg?id=43) !important;background-position: center !important;background-repeat: no-repeat !important;background-size: cover !important;}\u00a0\u00bb][vc_column&#8230;<\/p>\n","protected":false},"author":1,"featured_media":0,"parent":2351,"menu_order":0,"comment_status":"closed","ping_status":"closed","template":"","meta":{"footnotes":""},"class_list":["post-39798","page","type-page","status-publish","hentry"],"yoast_head":"<!-- This site is optimized with the Yoast SEO plugin v27.5 - https:\/\/yoast.com\/product\/yoast-seo-wordpress\/ -->\n<title>Toutes les offres d\u2019emploi ouvertes \u00e0 Reims \u2013 Approach People<\/title>\n<meta name=\"description\" content=\"D\u00e9couvrez toutes les opportunit\u00e9s professionnelles \u00e0 Reims. Approach People vous offre conseils et accompagnement d\u00e8s que votre profil correspond \u00e0 une offre.\" \/>\n<meta name=\"robots\" content=\"index, follow, max-snippet:-1, max-image-preview:large, max-video-preview:-1\" \/>\n<link rel=\"canonical\" href=\"https:\/\/www.approachpeople.com\/fr\/candidats\/reims\" \/>\n<meta property=\"og:locale\" content=\"fr_FR\" \/>\n<meta property=\"og:type\" content=\"article\" \/>\n<meta property=\"og:title\" content=\"Toutes les offres d\u2019emploi ouvertes \u00e0 Reims \u2013 Approach People\" \/>\n<meta property=\"og:description\" content=\"D\u00e9couvrez toutes les opportunit\u00e9s professionnelles \u00e0 Reims. Approach People vous offre conseils et accompagnement d\u00e8s que votre profil correspond \u00e0 une offre.\" \/>\n<meta property=\"og:url\" content=\"https:\/\/www.approachpeople.com\/fr\/candidats\/reims\" \/>\n<meta property=\"og:site_name\" content=\"Approach People Recruitment\" \/>\n<meta name=\"twitter:card\" content=\"summary_large_image\" \/>\n<meta name=\"twitter:label1\" content=\"Dur\u00e9e de lecture estim\u00e9e\" \/>\n\t<meta name=\"twitter:data1\" content=\"4 minutes\" \/>\n<!-- \/ Yoast SEO plugin. -->","yoast_head_json":{"title":"Toutes les offres d\u2019emploi ouvertes \u00e0 Reims \u2013 Approach People","description":"D\u00e9couvrez toutes les opportunit\u00e9s professionnelles \u00e0 Reims. Approach People vous offre conseils et accompagnement d\u00e8s que votre profil correspond \u00e0 une offre.","robots":{"index":"index","follow":"follow","max-snippet":"max-snippet:-1","max-image-preview":"max-image-preview:large","max-video-preview":"max-video-preview:-1"},"canonical":"https:\/\/www.approachpeople.com\/fr\/candidats\/reims","og_locale":"fr_FR","og_type":"article","og_title":"Toutes les offres d\u2019emploi ouvertes \u00e0 Reims \u2013 Approach People","og_description":"D\u00e9couvrez toutes les opportunit\u00e9s professionnelles \u00e0 Reims. Approach People vous offre conseils et accompagnement d\u00e8s que votre profil correspond \u00e0 une offre.","og_url":"https:\/\/www.approachpeople.com\/fr\/candidats\/reims","og_site_name":"Approach People Recruitment","twitter_card":"summary_large_image","twitter_misc":{"Dur\u00e9e de lecture estim\u00e9e":"4 minutes"},"schema":{"@context":"https:\/\/schema.org","@graph":[{"@type":"WebPage","@id":"https:\/\/www.approachpeople.com\/fr\/candidats\/reims","url":"https:\/\/www.approachpeople.com\/fr\/candidats\/reims","name":"Toutes les offres d\u2019emploi ouvertes \u00e0 Reims \u2013 Approach People","isPartOf":{"@id":"https:\/\/www.approachpeople.com\/#website"},"datePublished":"2023-08-21T14:30:59+00:00","description":"D\u00e9couvrez toutes les opportunit\u00e9s professionnelles \u00e0 Reims. Approach People vous offre conseils et accompagnement d\u00e8s que votre profil correspond \u00e0 une offre.","breadcrumb":{"@id":"https:\/\/www.approachpeople.com\/fr\/candidats\/reims#breadcrumb"},"inLanguage":"fr-FR","potentialAction":[{"@type":"ReadAction","target":["https:\/\/www.approachpeople.com\/fr\/candidats\/reims"]}]},{"@type":"BreadcrumbList","@id":"https:\/\/www.approachpeople.com\/fr\/candidats\/reims#breadcrumb","itemListElement":[{"@type":"ListItem","position":1,"name":"Home","item":"https:\/\/www.approachpeople.com\/fr"},{"@type":"ListItem","position":2,"name":"Candidats","item":"https:\/\/www.approachpeople.com\/fr\/candidats"},{"@type":"ListItem","position":3,"name":"Reims"}]},{"@type":"WebSite","@id":"https:\/\/www.approachpeople.com\/#website","url":"https:\/\/www.approachpeople.com\/","name":"Approach People Recruitment","description":"","potentialAction":[{"@type":"SearchAction","target":{"@type":"EntryPoint","urlTemplate":"https:\/\/www.approachpeople.com\/?s={search_term_string}"},"query-input":{"@type":"PropertyValueSpecification","valueRequired":true,"valueName":"search_term_string"}}],"inLanguage":"fr-FR"}]}},"_links":{"self":[{"href":"https:\/\/www.approachpeople.com\/fr\/wp-json\/wp\/v2\/pages\/39798","targetHints":{"allow":["GET"]}}],"collection":[{"href":"https:\/\/www.approachpeople.com\/fr\/wp-json\/wp\/v2\/pages"}],"about":[{"href":"https:\/\/www.approachpeople.com\/fr\/wp-json\/wp\/v2\/types\/page"}],"author":[{"embeddable":true,"href":"https:\/\/www.approachpeople.com\/fr\/wp-json\/wp\/v2\/users\/1"}],"replies":[{"embeddable":true,"href":"https:\/\/www.approachpeople.com\/fr\/wp-json\/wp\/v2\/comments?post=39798"}],"version-history":[{"count":0,"href":"https:\/\/www.approachpeople.com\/fr\/wp-json\/wp\/v2\/pages\/39798\/revisions"}],"up":[{"embeddable":true,"href":"https:\/\/www.approachpeople.com\/fr\/wp-json\/wp\/v2\/pages\/2351"}],"wp:attachment":[{"href":"https:\/\/www.approachpeople.com\/fr\/wp-json\/wp\/v2\/media?parent=39798"}],"curies":[{"name":"wp","href":"https:\/\/api.w.org\/{rel}","templated":true}]}}