{"id":31764,"date":"2023-05-12T12:33:02","date_gmt":"2023-05-12T10:33:02","guid":{"rendered":"https:\/\/www.approachpeople.com\/?page_id=31764"},"modified":"2023-07-10T18:54:41","modified_gmt":"2023-07-10T16:54:41","slug":"international-recruitment-consultant-dublin","status":"publish","type":"page","link":"https:\/\/www.approachpeople.com\/fr\/carriere\/international-recruitment-consultant-dublin","title":{"rendered":"International Recruitment Consultant \u2013 Dublin"},"content":{"rendered":"<div class=\"wpb-content-wrapper\"><p>[vc_row gap=\u00a0\u00bb0&Prime; equal_height=\u00a0\u00bbyes\u00a0\u00bb bg_position=\u00a0\u00bbcenter top\u00a0\u00bb el_id=\u00a0\u00bbslider-home\u00a0\u00bb css=\u00a0\u00bb.vc_custom_1683896265515{background-image: url(https:\/\/www.approachpeople.com\/wp-content\/uploads\/2023\/05\/Banner-Ireland2.png?id=31796) !important;background-position: center !important;background-repeat: no-repeat !important;background-size: cover !important;}\u00a0\u00bb][vc_column width=\u00a0\u00bb3\/4&Prime;][vc_column_text el_class=\u00a0\u00bbslider-bold\u00a0\u00bb]<\/p>\n<h1 style=\"text-align: center;\">International Recruitment Consultant \u2013 Dublin<\/h1>\n<p>[\/vc_column_text][vc_column_text el_class=\u00a0\u00bbslider-normal\u00a0\u00bb]<\/p>\n<p style=\"text-align: center;\">Approach People<\/p>\n<p>[\/vc_column_text][\/vc_column][vc_column width=\u00a0\u00bb1\/4&Prime;][\/vc_column][\/vc_row][vc_row gap=\u00a0\u00bb30&Prime; responsive_css=\u00a0\u00bbpadding_top_large:60px|padding_bottom_large:60px\u00a0\u00bb el_id=\u00a0\u00bbintro-sector\u00a0\u00bb][vc_column css=\u00a0\u00bb.vc_custom_1632906795979{background-color: #ffffff !important;}\u00a0\u00bb][\/vc_column][\/vc_row][vc_row][vc_column width=\u00a0\u00bb2\/3&Prime;][vc_column_text]<\/p>\n<h2>L\u2019entreprise<\/h2>\n<p>Notre cabinet Approach People,\u00a0<strong>expert passionn\u00e9 du recrutement de profils internationaux middle et top management<\/strong>\u00a0est aujourd\u2019hui en pleine expansion.<\/p>\n<p>Fort de nos 20 ans d\u2019existence, de notre\u00a0<strong>croissance internationale<\/strong>, des outils, des valeurs et de l\u2019approche qui font notre ADN, nous vous proposons aujourd\u2019hui un v\u00e9ritable projet de\u00a0<strong>carri\u00e8re internationale<\/strong>.<\/p>\n<p>Approach People c\u2019est l\u2019aventure d\u2019un Fran\u00e7ais qui a cr\u00e9\u00e9 son cabinet de recrutement en 2000 \u00e0 Dublin. Aujourd\u2019hui nous sommes une cinquantaine de consultants passionn\u00e9s r\u00e9partis sur 6 bureaux en Europe et nous continuons de nous agrandir !<\/p>\n<p>Venez rejoindre une \u00e9quipe de consultants exp\u00e9riment\u00e9s et contribuer \u00e0 cette envol\u00e9e en travaillant au c\u0153ur de l\u2019une des villes d\u2019Europe les plus sympathiques et cosmopolites :\u00a0<strong>Dublin<\/strong>.<\/p>\n<p>Que votre anglais soit courant ou bien perfectible, ce poste de\u00a0<strong>Consultant(e) en Recrutement International <\/strong>est certainement fait pour vous !<\/p>\n<h2>Le poste<\/h2>\n<p>En tant que\u00a0<strong>Consultant(e) en Recrutement International<\/strong>, et tel un entrepreneur, vous g\u00e9rez et d\u00e9veloppez votre propre portefeuille sur la division de votre choix. Le tout sur des recrutements permanents.<\/p>\n<p>Au sein d\u2019une \u00e9quipe dynamique qui partage votre enthousiasme pour le m\u00e9tier, vous cr\u00e9ez\u00a0<strong>l\u2019activit\u00e9 qui vous ressemble<\/strong>\u00a0et \u00eates accompagn\u00e9 jour apr\u00e8s jour vers davantage d\u2019autonomie, de d\u00e9veloppement strat\u00e9gique et de prise de d\u00e9cision.<\/p>\n<h4><strong>Missions :<\/strong><\/h4>\n<p><strong>Prospection commerciale<\/strong><\/p>\n<ul>\n<li>D\u00e9finition de\u00a0<strong>votre march\u00e9<\/strong>\u00a0sans limite g\u00e9ographique et autour des secteurs et des m\u00e9tiers de votre choix<\/li>\n<li><strong>Prospection<\/strong>\u00a0de nouveaux clients : grands-comptes, PME, Startup\u2026 essentiellement sur des\u00a0<strong>march\u00e9s francophones<\/strong><\/li>\n<li><strong>N\u00e9gociation<\/strong>\u00a0des conditions commerciales<\/li>\n<li>Gestion de la\u00a0<strong>relation client<\/strong>\u00a0et\u00a0<strong>fid\u00e9lisation<\/strong><\/li>\n<li>D\u00e9tection de nouvelles opportunit\u00e9<\/li>\n<\/ul>\n<p><strong>Recrutement<\/strong><\/p>\n<ul>\n<li>Sourcing sur les bases de donn\u00e9es internes et externes et sur les r\u00e9seaux sociaux<\/li>\n<li><strong>Approche directe<\/strong><\/li>\n<li>R\u00e9daction et diffusion d\u2019annonces sur les diff\u00e9rents job boards<\/li>\n<li>Pr\u00e9s\u00e9lection et pr\u00e9sentation du poste<\/li>\n<li>Entretiens en visio avec les candidats\u00a0<strong>\u00e0 travers toute l\u2019Europe<\/strong><\/li>\n<li>Pr\u00e9sentation des candidats s\u00e9lectionn\u00e9s au client<\/li>\n<\/ul>\n<h2>Profil recherch\u00e9<\/h2>\n<ul>\n<li>Vous avez d\u00e9j\u00e0 une premi\u00e8re exp\u00e9rience d\u2019au moins 1 an sur des\u00a0<strong>fonctions 360\u00b0<\/strong>\u00a0(BD et recrutement)<\/li>\n<li>Vous \u00eates\u00a0<strong>passionn\u00e9(e)<\/strong>\u00a0par le m\u00e9tier de recruteur<\/li>\n<li>Vous \u00eates\u00a0<strong>anim\u00e9(e)<\/strong>\u00a0par les challenges et poss\u00e9dez un fort<strong>\u00a0temp\u00e9rament commercial<\/strong><\/li>\n<li>Vous appr\u00e9ciez le\u00a0<strong>travail en \u00e9quipe<\/strong>, le\u00a0<strong>partage<\/strong>\u00a0des bonnes pratiques et la\u00a0<strong>c\u00e9l\u00e9bration<\/strong>\u00a0de tous les succ\u00e8s, individuels et collectifs<\/li>\n<li>Vous cherchez toujours \u00e0 am\u00e9liorer votre savoir-faire et \u00eates\u00a0<strong>force de proposition<\/strong><\/li>\n<li>Vous souhaitez travailler au sein d\u2019un environnement structur\u00e9, motivant et tr\u00e8s vivant<\/li>\n<\/ul>\n<h2>Les avantages<\/h2>\n<ul>\n<li>Une <strong>carri\u00e8re internationale<\/strong> quelle que soit votre pratique de l\u2019anglais : nous mettons en place des <strong>cours intensifs<\/strong> et pouvons m\u00eame vous accompagner vers une certification. Vous pratiquez l\u2019anglais au quotidien gr\u00e2ce \u00e0 l\u2019<strong>immersion au sein d\u2019un pays anglophone<\/strong> et aux \u00e9changes avec vos <strong>coll\u00e8gues europ\u00e9ens<\/strong><\/li>\n<li>Des <strong>possibilit\u00e9s de mobilit\u00e9<\/strong> au sein de nos 6 bureaux europ\u00e9ens<\/li>\n<li>Un <strong>contrat \u00e0 dur\u00e9e ind\u00e9termin\u00e9e \u00e0 Dublin<\/strong>, l\u2019une des meilleures villes d\u2019Europe pour vivre et travailler. <strong><a href=\"https:\/\/www.francebleu.fr\/emissions\/les-parisiens-du-monde\/107-1\/le-depart-en-irlande-plus-long-que-prevu-de-laurent\" target=\"_blank\" rel=\"noopener\">D\u00e9couvrez Dublin<\/a><\/strong>, la capitale irlandaise \u00e0 travers le t\u00e9moignagne de Laurent Girard-Claudon, fondateur et directeur d\u2019Approach People Recruitment, sur France Bleu<\/li>\n<li>L\u2019opportunit\u00e9 de recruter pour nos <strong>prestigieux clients reconnus mondialement<\/strong><\/li>\n<li>Un salaire fixe adapt\u00e9 \u00e0 votre profil coupl\u00e9 \u00e0 un <strong>syst\u00e8me de commission d\u00e8s le premier euro et d\u00e9plafonn\u00e9<\/strong><\/li>\n<li>Une mani\u00e8re de travailler tr\u00e8s entrepreneuriale pour plus de <strong>libert\u00e9<\/strong> et d\u2019<strong>autonomie<\/strong><\/li>\n<li>Un <strong>plan d\u2019\u00e9volution clair et pr\u00e9cis, avec des promotions rapides<\/strong>, bas\u00e9es sur les r\u00e9sultats personnels et la capacit\u00e9 \u00e0 contribuer \u00e0 la croissance de notre activit\u00e9<\/li>\n<li><strong>Des outils, une m\u00e9thodologie et une approche en phase avec le march\u00e9<\/strong> et le contexte de transformation digitale de nos clients<\/li>\n<li>Une <strong>mutuelle priv\u00e9e<\/strong> compl\u00e9mentaire<\/li>\n<li>Notre <strong>environnement de travail agr\u00e9able<\/strong><\/li>\n<li>Des <strong>soir\u00e9es d\u2019\u00e9quipe<\/strong> r\u00e9guli\u00e8rement organis\u00e9es<\/li>\n<li>Des petits-d\u00e9jeuners, fruits et boissons illimit\u00e9s disponibles au bureau<\/li>\n<li>Des <strong>challenges mensuels avec de superbes prix \u00e0 gagner<\/strong> (GoPro, iPads, TVs\u2026)<\/li>\n<li>La <strong>participation annuelle \u00e0 notre Prestige Club<\/strong> : des voyages incroyables \u00e0 la cl\u00e9 accessibles \u00e0 tous<\/li>\n<li>Un <strong>Social Club tr\u00e8s actif<\/strong> (paintball, karting, \u00e9v\u00e8nements pour accroitre l\u2019esprit d\u2019\u00e9quipe\u2026)<\/li>\n<\/ul>\n<h2>Pourquoi nous rejoindre ?<\/h2>\n<p align=\"justify\">Cr\u00e9\u00e9 en l\u2019an 2000, Approach People a f\u00eat\u00e9 ses 20 ans en 2020.<\/p>\n<p>Fid\u00e8les \u00e0 nos ambitions et \u00e0 nos valeurs, nous continuons notre\u00a0<strong>d\u00e9veloppement international<\/strong>\u00a0afin d\u2019offrir \u00e0 nos \u00e9quipes un\u00a0<strong>environnement multiculturel<\/strong>\u00a0o\u00f9 le d\u00e9veloppement des comp\u00e9tences et l\u2019<strong>\u00e9volution professionnelle<\/strong>\u00a0sont au c\u0153ur de la culture d\u2019entreprise.<\/p>\n<p>R\u00e9partis entre nos diff\u00e9rents bureaux, nos consultants internationaux combinent une\u00a0<strong>expertise<\/strong>\u00a0m\u00e9tier et une solide connaissance des principaux\u00a0<strong>march\u00e9s europ\u00e9ens<\/strong>\u00a0dans diff\u00e9rents domaines (IT, Life Sciences, Retail &amp; Luxe, Banque, Supply Chain &amp; Logistique, Assurance, Finance, Ing\u00e9nierie &amp; Industrie)<\/p>\n<p>Nous avons \u00e0 c\u0153ur de partager avec vous notre vision du cabinet de recrutement : la\u00a0<strong>qualit\u00e9<\/strong>, la\u00a0<strong>r\u00e9activit\u00e9,<\/strong>\u00a0le\u00a0<strong>travail d\u2019\u00e9quipe<\/strong>, le\u00a0<strong>go\u00fbt de la victoire<\/strong>\u00a0et la\u00a0<strong>m\u00e9ritocratie<\/strong>.<\/p>\n<p>Les ouvertures de nos diff\u00e9rents bureaux en Europe, \u00e0\u00a0<strong>Dublin<\/strong>, \u00e0\u00a0<strong>Barcelone<\/strong>, \u00e0\u00a0<strong>Madrid<\/strong>, \u00e0\u00a0<strong>Paris<\/strong>, \u00e0\u00a0<strong>Marseille<\/strong>\u00a0et \u00e0\u00a0<strong>Gen\u00e8ve<\/strong>\u00a0refl\u00e8tent\u00a0<strong>notre histoire et celle de nos consultants<\/strong>\u00a0!<\/p>\n<p>Vous aussi, venez participer \u00e0 l\u2019\u00e9criture de nos prochains projets ![\/vc_column_text][\/vc_column][vc_column width=\u00a0\u00bb1\/3&Prime; css=\u00a0\u00bb.vc_custom_1683649667356{padding-top: 30px !important;padding-right: 30px !important;padding-bottom: 10px !important;padding-left: 30px !important;background-color: #000099 !important;}\u00a0\u00bb][vc_column_text]<\/p>\n<h5><strong><span style=\"color: #ffffff;\">LOCALISATION<\/span><\/strong><\/h5>\n<p><span style=\"color: #ffffff;\">Dublin<\/span><\/p>\n<h5><strong><span style=\"color: #ffffff;\">LANGUE(S) REQUISE(S)<\/span><\/strong><\/h5>\n<p><span style=\"color: #ffffff;\">Fran\u00e7ais<\/span><\/p>\n<h5><strong><span style=\"color: #ffffff;\">TYPE DE CONTRAT<\/span><\/strong><\/h5>\n<p><span style=\"color: #ffffff;\">CDI<\/span><\/p>\n<h5><strong><span style=\"color: #ffffff;\">EXP\u00c9RIENCE SOUHAIT\u00c9E<\/span><\/strong><\/h5>\n<p><span style=\"color: #ffffff;\">&gt;1 an<\/span>[\/vc_column_text][vc_btn title=\u00a0\u00bbPostuler\u00a0\u00bb style=\u00a0\u00bbflat\u00a0\u00bb color=\u00a0\u00bbdanger\u00a0\u00bb size=\u00a0\u00bbsm\u00a0\u00bb align=\u00a0\u00bbcenter\u00a0\u00bb link=\u00a0\u00bburl:https%3A%2F%2Frecruitcrm.io%2Fapply%2F16672961535840021363CqP%3Fsource%3Dap.com%253Fsource%253DApproachPeople|target:_blank\u00a0\u00bb css=\u00a0\u00bb.vc_custom_1683887299935{padding-top: 30px !important;}\u00a0\u00bb][\/vc_column][\/vc_row][vc_row][vc_column][vc_btn title=\u00a0\u00bbPostuler\u00a0\u00bb style=\u00a0\u00bbflat\u00a0\u00bb color=\u00a0\u00bbdanger\u00a0\u00bb size=\u00a0\u00bbsm\u00a0\u00bb align=\u00a0\u00bbcenter\u00a0\u00bb link=\u00a0\u00bburl:https%3A%2F%2Frecruitcrm.io%2Fapply%2F16672961535840021363CqP%3Fsource%3Dap.com%253Fsource%253DApproachPeople|target:_blank\u00a0\u00bb css=\u00a0\u00bb.vc_custom_1683887318094{padding-top: 30px !important;padding-bottom: 40px !important;}\u00a0\u00bb][\/vc_column][\/vc_row][vc_row full_width=\u00a0\u00bbstretch_row\u00a0\u00bb gap=\u00a0\u00bb0&Prime; equal_height=\u00a0\u00bbyes\u00a0\u00bb content_placement=\u00a0\u00bbbottom\u00a0\u00bb bg_position=\u00a0\u00bbcenter center\u00a0\u00bb css=\u00a0\u00bb.vc_custom_1674553344385{background-color: #f7f7f7 !important;background-position: center !important;background-repeat: no-repeat !important;background-size: cover !important;}\u00a0\u00bb][vc_column width=\u00a0\u00bb3\/4&Prime; css=\u00a0\u00bb.vc_custom_1683717411022{padding-top: 20px !important;padding-bottom: 40px !important;}\u00a0\u00bb][vc_row_inner][vc_column_inner width=\u00a0\u00bb1\/6&Prime;][\/vc_column_inner][vc_column_inner width=\u00a0\u00bb2\/3&Prime;][vc_column_text el_class=\u00a0\u00bbsub-title\u00a0\u00bb css=\u00a0\u00bb.vc_custom_1645189329109{margin-bottom: 30px !important;}\u00a0\u00bb]<\/p>\n<p>[\/vc_column_text][vc_column_text]<\/p>\n<h2>Nos valeurs<\/h2>\n<ul>\n<li>Un\u00a0<strong>positive mindset<\/strong>\u00a0\u00e0 toute \u00e9preuve<\/li>\n<li>Un focus sur les\u00a0<strong>r\u00e9sultats<\/strong>\u00a0mais aussi sur les\u00a0<strong>moyens<\/strong>\u00a0mis en place pour les obtenir<\/li>\n<li>Un\u00a0<strong>accompagnement<\/strong>\u00a0quotidien pour une\u00a0<strong>mont\u00e9e en comp\u00e9tence<\/strong>\u00a0r\u00e9ussie<\/li>\n<li>Un\u00a0<strong>esprit d\u2019\u00e9quipe<\/strong>\u00a0et de\u00a0<strong>cross business<\/strong>\u00a0qui nous emm\u00e8ne plus loin<\/li>\n<li>Une qu\u00eate de la\u00a0<strong>satisfaction de nos clients et de nos candidats<\/strong><\/li>\n<li>Une\u00a0<strong>consid\u00e9ration<\/strong>\u00a0et une\u00a0<strong>reconnaissance<\/strong>\u00a0pour toutes les performances<\/li>\n<li>Une\u00a0<strong>ambition<\/strong>\u00a0et un\u00a0<strong>dynamisme<\/strong>\u00a0communicatifs<\/li>\n<\/ul>\n<p>&nbsp;<\/p>\n<p>Cela nous a valu d\u2019\u00eatre\u00a0<strong>reconnu comme<\/strong>\u00a0:<\/p>\n<ul>\n<li><strong>Great Place To Work<\/strong>\u00ae 2023<\/li>\n<li>Best Staffing Firm to Work For In Ireland (SIA Awards 2023)<\/li>\n<li>Meilleur Partenaire RH (HR Awards 2020)<\/li>\n<li><strong>Meilleure Agence de Recrutement en Irlande<\/strong>\u00a0(Corporate Livewire 2020)<\/li>\n<li><strong>Meilleure Agence de Recrutement Sp\u00e9cialis\u00e9 en Suisse<\/strong>\u00a0(Corporate Livewire 2020)<\/li>\n<li><strong>Top 5<\/strong>\u00a0des entreprises les plus engag\u00e9e socialement (<strong>LinkedIn<\/strong>\u00a02016-2017-2018)<\/li>\n<li><strong>Meilleure Entreprise Irlandaise en France<\/strong> (Chamber of Commerce 2014 \u2013 finaliste en 2021)<\/li>\n<\/ul>\n<p>[\/vc_column_text][vc_btn title=\u00a0\u00bbPostuler\u00a0\u00bb style=\u00a0\u00bbflat\u00a0\u00bb color=\u00a0\u00bbdanger\u00a0\u00bb size=\u00a0\u00bbsm\u00a0\u00bb align=\u00a0\u00bbcenter\u00a0\u00bb link=\u00a0\u00bburl:https%3A%2F%2Frecruitcrm.io%2Fapply%2F16672961535840021363CqP%3Fsource%3Dap.com%253Fsource%253DApproachPeople|target:_blank\u00a0\u00bb css=\u00a0\u00bb.vc_custom_1683887310244{padding-top: 30px !important;}\u00a0\u00bb][\/vc_column_inner][vc_column_inner width=\u00a0\u00bb1\/6&Prime;][\/vc_column_inner][\/vc_row_inner][\/vc_column][vc_column width=\u00a0\u00bb1\/4&Prime; bg_position=\u00a0\u00bbcenter bottom\u00a0\u00bb css=\u00a0\u00bb.vc_custom_1683716858464{background-image: url(https:\/\/www.approachpeople.com\/wp-content\/uploads\/2023\/05\/gabriel-ramos-NCP6XF9XmvA-unsplash-e1683715662304.jpg?id=31501) !important;background-position: center !important;background-repeat: no-repeat !important;background-size: cover !important;}\u00a0\u00bb offset=\u00a0\u00bbvc_hidden-xs\u00a0\u00bb el_class=\u00a0\u00bbcropped-img mobile-img-min-left\u00a0\u00bb][\/vc_column][\/vc_row]<\/p>\n<\/div>","protected":false},"excerpt":{"rendered":"<p>[vc_row gap=\u00a0\u00bb0&Prime; equal_height=\u00a0\u00bbyes\u00a0\u00bb bg_position=\u00a0\u00bbcenter top\u00a0\u00bb el_id=\u00a0\u00bbslider-home\u00a0\u00bb css=\u00a0\u00bb.vc_custom_1683896265515{background-image: url(https:\/\/www.approachpeople.com\/wp-content\/uploads\/2023\/05\/Banner-Ireland2.png?id=31796) !important;background-position: center !important;background-repeat: no-repeat !important;background-size: cover !important;}\u00a0\u00bb][vc_column&#8230;<\/p>\n","protected":false},"author":131,"featured_media":31805,"parent":7962,"menu_order":0,"comment_status":"closed","ping_status":"closed","template":"","meta":{"footnotes":""},"class_list":["post-31764","page","type-page","status-publish","has-post-thumbnail","hentry"],"yoast_head":"<!-- This site is optimized with the Yoast SEO plugin v27.5 - https:\/\/yoast.com\/product\/yoast-seo-wordpress\/ -->\n<title>International Recruitment Consultant \u2013 Dublin | Approach People<\/title>\n<meta name=\"description\" content=\"Rejoignez Approach People en tant que International Recruitment Consultant et participez \u00e0 l\u2019\u00e9criture de nos prochains projets !\" \/>\n<meta name=\"robots\" content=\"index, follow, max-snippet:-1, max-image-preview:large, max-video-preview:-1\" \/>\n<link rel=\"canonical\" href=\"https:\/\/www.approachpeople.com\/fr\/carriere\/international-recruitment-consultant-dublin\" \/>\n<meta property=\"og:locale\" content=\"fr_FR\" \/>\n<meta property=\"og:type\" content=\"article\" \/>\n<meta property=\"og:title\" content=\"International Recruitment Consultant \u2013 Dublin | Approach People\" \/>\n<meta property=\"og:description\" content=\"Rejoignez Approach People en tant que International Recruitment Consultant et participez \u00e0 l\u2019\u00e9criture de nos prochains projets !\" \/>\n<meta property=\"og:url\" content=\"https:\/\/www.approachpeople.com\/fr\/carriere\/international-recruitment-consultant-dublin\" \/>\n<meta property=\"og:site_name\" content=\"Approach People Recruitment\" \/>\n<meta property=\"article:modified_time\" content=\"2023-07-10T16:54:41+00:00\" \/>\n<meta property=\"og:image\" content=\"https:\/\/www.approachpeople.com\/wp-content\/uploads\/2023\/05\/Ireland.jpg\" \/>\n\t<meta property=\"og:image:width\" content=\"1920\" \/>\n\t<meta property=\"og:image:height\" content=\"1440\" \/>\n\t<meta property=\"og:image:type\" content=\"image\/jpeg\" \/>\n<meta name=\"twitter:card\" content=\"summary_large_image\" \/>\n<meta name=\"twitter:title\" content=\"International Recruitment Consultant \u2013 Dublin | Approach People\" \/>\n<meta name=\"twitter:description\" content=\"Rejoignez Approach People en tant que International Recruitment Consultant et participez \u00e0 l\u2019\u00e9criture de nos prochains projets !\" \/>\n<meta name=\"twitter:image\" content=\"https:\/\/www.approachpeople.com\/wp-content\/uploads\/2023\/05\/Ireland.jpg\" \/>\n<meta name=\"twitter:label1\" content=\"Dur\u00e9e de lecture estim\u00e9e\" \/>\n\t<meta name=\"twitter:data1\" content=\"4 minutes\" \/>\n<!-- \/ Yoast SEO plugin. -->","yoast_head_json":{"title":"International Recruitment Consultant \u2013 Dublin | Approach People","description":"Rejoignez Approach People en tant que International Recruitment Consultant et participez \u00e0 l\u2019\u00e9criture de nos prochains projets !","robots":{"index":"index","follow":"follow","max-snippet":"max-snippet:-1","max-image-preview":"max-image-preview:large","max-video-preview":"max-video-preview:-1"},"canonical":"https:\/\/www.approachpeople.com\/fr\/carriere\/international-recruitment-consultant-dublin","og_locale":"fr_FR","og_type":"article","og_title":"International Recruitment Consultant \u2013 Dublin | Approach People","og_description":"Rejoignez Approach People en tant que International Recruitment Consultant et participez \u00e0 l\u2019\u00e9criture de nos prochains projets !","og_url":"https:\/\/www.approachpeople.com\/fr\/carriere\/international-recruitment-consultant-dublin","og_site_name":"Approach People Recruitment","article_modified_time":"2023-07-10T16:54:41+00:00","og_image":[{"width":1920,"height":1440,"url":"https:\/\/www.approachpeople.com\/wp-content\/uploads\/2023\/05\/Ireland.jpg","type":"image\/jpeg"}],"twitter_card":"summary_large_image","twitter_title":"International Recruitment Consultant \u2013 Dublin | Approach People","twitter_description":"Rejoignez Approach People en tant que International Recruitment Consultant et participez \u00e0 l\u2019\u00e9criture de nos prochains projets !","twitter_image":"https:\/\/www.approachpeople.com\/wp-content\/uploads\/2023\/05\/Ireland.jpg","twitter_misc":{"Dur\u00e9e de lecture estim\u00e9e":"4 minutes"},"schema":{"@context":"https:\/\/schema.org","@graph":[{"@type":"WebPage","@id":"https:\/\/www.approachpeople.com\/fr\/carriere\/international-recruitment-consultant-dublin","url":"https:\/\/www.approachpeople.com\/fr\/carriere\/international-recruitment-consultant-dublin","name":"International Recruitment Consultant \u2013 Dublin | Approach People","isPartOf":{"@id":"https:\/\/www.approachpeople.com\/#website"},"primaryImageOfPage":{"@id":"https:\/\/www.approachpeople.com\/fr\/carriere\/international-recruitment-consultant-dublin#primaryimage"},"image":{"@id":"https:\/\/www.approachpeople.com\/fr\/carriere\/international-recruitment-consultant-dublin#primaryimage"},"thumbnailUrl":"https:\/\/www.approachpeople.com\/wp-content\/uploads\/2023\/05\/Ireland.jpg","datePublished":"2023-05-12T10:33:02+00:00","dateModified":"2023-07-10T16:54:41+00:00","description":"Rejoignez Approach People en tant que International Recruitment Consultant et participez \u00e0 l\u2019\u00e9criture de nos prochains projets !","breadcrumb":{"@id":"https:\/\/www.approachpeople.com\/fr\/carriere\/international-recruitment-consultant-dublin#breadcrumb"},"inLanguage":"fr-FR","potentialAction":[{"@type":"ReadAction","target":["https:\/\/www.approachpeople.com\/fr\/carriere\/international-recruitment-consultant-dublin"]}]},{"@type":"ImageObject","inLanguage":"fr-FR","@id":"https:\/\/www.approachpeople.com\/fr\/carriere\/international-recruitment-consultant-dublin#primaryimage","url":"https:\/\/www.approachpeople.com\/wp-content\/uploads\/2023\/05\/Ireland.jpg","contentUrl":"https:\/\/www.approachpeople.com\/wp-content\/uploads\/2023\/05\/Ireland.jpg","width":1920,"height":1440},{"@type":"BreadcrumbList","@id":"https:\/\/www.approachpeople.com\/fr\/carriere\/international-recruitment-consultant-dublin#breadcrumb","itemListElement":[{"@type":"ListItem","position":1,"name":"Home","item":"https:\/\/www.approachpeople.com\/fr"},{"@type":"ListItem","position":2,"name":"Carri\u00e8re","item":"https:\/\/www.approachpeople.com\/fr\/carriere"},{"@type":"ListItem","position":3,"name":"International Recruitment Consultant \u2013 Dublin"}]},{"@type":"WebSite","@id":"https:\/\/www.approachpeople.com\/#website","url":"https:\/\/www.approachpeople.com\/","name":"Approach People Recruitment","description":"","potentialAction":[{"@type":"SearchAction","target":{"@type":"EntryPoint","urlTemplate":"https:\/\/www.approachpeople.com\/?s={search_term_string}"},"query-input":{"@type":"PropertyValueSpecification","valueRequired":true,"valueName":"search_term_string"}}],"inLanguage":"fr-FR"}]}},"_links":{"self":[{"href":"https:\/\/www.approachpeople.com\/fr\/wp-json\/wp\/v2\/pages\/31764","targetHints":{"allow":["GET"]}}],"collection":[{"href":"https:\/\/www.approachpeople.com\/fr\/wp-json\/wp\/v2\/pages"}],"about":[{"href":"https:\/\/www.approachpeople.com\/fr\/wp-json\/wp\/v2\/types\/page"}],"author":[{"embeddable":true,"href":"https:\/\/www.approachpeople.com\/fr\/wp-json\/wp\/v2\/users\/131"}],"replies":[{"embeddable":true,"href":"https:\/\/www.approachpeople.com\/fr\/wp-json\/wp\/v2\/comments?post=31764"}],"version-history":[{"count":0,"href":"https:\/\/www.approachpeople.com\/fr\/wp-json\/wp\/v2\/pages\/31764\/revisions"}],"up":[{"embeddable":true,"href":"https:\/\/www.approachpeople.com\/fr\/wp-json\/wp\/v2\/pages\/7962"}],"wp:featuredmedia":[{"embeddable":true,"href":"https:\/\/www.approachpeople.com\/fr\/wp-json\/wp\/v2\/media\/31805"}],"wp:attachment":[{"href":"https:\/\/www.approachpeople.com\/fr\/wp-json\/wp\/v2\/media?parent=31764"}],"curies":[{"name":"wp","href":"https:\/\/api.w.org\/{rel}","templated":true}]}}